{"id":721,"date":"2021-09-27T16:57:42","date_gmt":"2021-09-27T20:57:42","guid":{"rendered":"https:\/\/ontariopuppetryassociation.com\/?page_id=721"},"modified":"2026-02-28T21:03:38","modified_gmt":"2026-03-01T02:03:38","slug":"join","status":"publish","type":"page","link":"https:\/\/ontariopuppetryassociation.com\/fr\/join\/","title":{"rendered":"S'inscrire"},"content":{"rendered":"<div data-elementor-type=\"wp-page\" data-elementor-id=\"721\" class=\"elementor elementor-721\" data-elementor-post-type=\"page\">\n\t\t\t\t\t\t<section class=\"elementor-section elementor-top-section elementor-element elementor-element-3e7dc8b7 elementor-section-full_width elementor-section-stretched elementor-section-height-default elementor-section-height-default\" data-id=\"3e7dc8b7\" data-element_type=\"section\" data-e-type=\"section\" data-settings=\"{&quot;background_background&quot;:&quot;classic&quot;,&quot;stretch_section&quot;:&quot;section-stretched&quot;}\">\n\t\t\t\t\t\t\t<div class=\"elementor-background-overlay\"><\/div>\n\t\t\t\t\t\t\t<div class=\"elementor-container elementor-column-gap-no\">\n\t\t\t\t\t<div class=\"elementor-column elementor-col-100 elementor-top-column elementor-element elementor-element-41dc0cc7\" data-id=\"41dc0cc7\" data-element_type=\"column\" data-e-type=\"column\">\n\t\t\t<div class=\"elementor-widget-wrap elementor-element-populated\">\n\t\t\t\t\t\t<div class=\"elementor-element elementor-element-4fa44ae0 elementor-widget elementor-widget-heading\" data-id=\"4fa44ae0\" data-element_type=\"widget\" data-e-type=\"widget\" data-widget_type=\"heading.default\">\n\t\t\t\t<div class=\"elementor-widget-container\">\n\t\t\t\t\t<h2 class=\"elementor-heading-title elementor-size-default\">S'inscrire aujourd'hui <\/h2>\t\t\t\t<\/div>\n\t\t\t\t<\/div>\n\t\t\t\t<div class=\"elementor-element elementor-element-db98676 elementor-widget elementor-widget-text-editor\" data-id=\"db98676\" data-element_type=\"widget\" data-e-type=\"widget\" data-widget_type=\"text-editor.default\">\n\t\t\t\t<div class=\"elementor-widget-container\">\n\t\t\t\t\t\t\t\t\t<p>Devenir membre de l\u2019OPA, c\u2019est adh\u00e9rer \u00e0 un r\u00e9seau dynamique de plus de 40 professionnels de la marionnette, artistes, travailleurs culturels et passionn\u00e9s de marionnettes!<\/p>\t\t\t\t\t\t\t\t<\/div>\n\t\t\t\t<\/div>\n\t\t\t\t<div class=\"elementor-element elementor-element-67b243d elementor-widget elementor-widget-heading\" data-id=\"67b243d\" data-element_type=\"widget\" data-e-type=\"widget\" data-widget_type=\"heading.default\">\n\t\t\t\t<div class=\"elementor-widget-container\">\n\t\t\t\t\t<h2 class=\"elementor-heading-title elementor-size-default\">Avantages de l\u2019adh\u00e9sion <\/h2>\t\t\t\t<\/div>\n\t\t\t\t<\/div>\n\t\t\t\t<div class=\"elementor-element elementor-element-9698021 elementor-widget elementor-widget-text-editor\" data-id=\"9698021\" data-element_type=\"widget\" data-e-type=\"widget\" data-widget_type=\"text-editor.default\">\n\t\t\t\t<div class=\"elementor-widget-container\">\n\t\t\t\t\t\t\t\t\t<ul><li>Cr\u00e9ez et mettez \u00e0 jour l\u2019inscription de votre entreprise dans l\u2019annuaire des membres professionnels sur le site de l\u2019OPA et d\u2019UNIMA-Canada.\u00a0<\/li><li>Publiez toutes vos activit\u00e9s dans l\u2019agenda et dans la section \u00ab\u2009spectacles\u2009\u00bb du site web de l\u2019OPA pour b\u00e9n\u00e9ficier d\u2019une visibilit\u00e9 aupr\u00e8s de nombreux pr\u00e9sentateurs.<\/li><li>Droit de vote \u00e0 l\u2019assembl\u00e9e g\u00e9n\u00e9rale annuelle des membres.<\/li><li>Devenez membre d\u2019UNIMA-Canada : acc\u00e8s \u00e0 des bourses de formation internationales, acc\u00e8s \u00e0 des bourses de festivals, repr\u00e9sentation internationale, diffusion de vos activit\u00e9s dans l\u2019infolettre internationale.<\/li><li>Recevez une carte de membre qui vous permettra d\u2019obtenir plusieurs avantages offerts par nos partenaires.<\/li><\/ul>\t\t\t\t\t\t\t\t<\/div>\n\t\t\t\t<\/div>\n\t\t\t\t<div class=\"elementor-element elementor-element-5b84a41 elementor-widget elementor-widget-heading\" data-id=\"5b84a41\" data-element_type=\"widget\" data-e-type=\"widget\" data-widget_type=\"heading.default\">\n\t\t\t\t<div class=\"elementor-widget-container\">\n\t\t\t\t\t<h2 class=\"elementor-heading-title elementor-size-default\">Devenir membre <\/h2>\t\t\t\t<\/div>\n\t\t\t\t<\/div>\n\t\t\t\t<div class=\"elementor-element elementor-element-9c98e50 elementor-widget elementor-widget-text-editor\" data-id=\"9c98e50\" data-element_type=\"widget\" data-e-type=\"widget\" data-widget_type=\"text-editor.default\">\n\t\t\t\t<div class=\"elementor-widget-container\">\n\t\t\t\t\t\t\t\t\t<ul>\n<li>La cotisation annuelle est de 20 dollars canadiens<\/li>\n<li>S\u2019inscrire par PayPal<\/li>\n<li>L\u2019adh\u00e9sion se renouvelle automatiquement chaque ann\u00e9e<\/li>\n<\/ul>\t\t\t\t\t\t\t\t<\/div>\n\t\t\t\t<\/div>\n\t\t\t\t<div class=\"elementor-element elementor-element-2e514ff elementor-widget elementor-widget-shortcode\" data-id=\"2e514ff\" data-element_type=\"widget\" data-e-type=\"widget\" data-widget_type=\"shortcode.default\">\n\t\t\t\t<div class=\"elementor-widget-container\">\n\t\t\t\t\t\t\t<div class=\"elementor-shortcode\"><form action=\"https:\/\/www.paypal.com\/cgi-bin\/webscr\" method=\"post\" data-trp-original-action=\"https:\/\/www.paypal.com\/cgi-bin\/webscr\">\n <input type=\"hidden\" name=\"business\" value=\"ontariopuppetryassociation@gmail.com\" \/>\n <input type=\"hidden\" name=\"cmd\" value=\"_xclick-subscriptions\" \/>\n <!-- Instant Payment Notification & Return Page Details -->\n <input type=\"hidden\" name=\"notify_url\" value=\"https:\/\/ontariopuppetryassociation.com\/fr\/?s2member_paypal_notify=1\" \/>\n <input type=\"hidden\" name=\"cancel_return\" value=\"https:\/\/ontariopuppetryassociation.com\/fr\/\" \/>\n <input type=\"hidden\" name=\"return\" value=\"https:\/\/ontariopuppetryassociation.com\/fr\/?s2member_paypal_return=1&amp;s2member_paypal_return_tra=ZGVmNTAyMDA4YzA1ZTIxNTgwYTU3M2YzZjg1MjBkMWRkN2E4NGFlYjY3ZTMxMjQ4MzJkNDIyNTRmNzkyN2NiNjZjNjE3MjMxNWY5MjVlMTNjZWU3MDUzM2Q2MjY2OWFjYzBhNjc3Y2M1NWNjZmM3ODhmMWQxNDg4YjZjMTU5ZjVlZWQ4M2YxODM4ZmY0ODVjOGU3ODM1MzE0NThkMzUxOWE5OWQwZWI3MTc1NDczMmRmMWRlOTU2ZTI2YjM0ODE5OWEwOTJiOWUwZDI2ODBkNWI2ZDI2ZjM1ZmQ4YTZlMGRkZmI1ZjVmY2IyMTI2ODA2ZjkxYzI1N2FlYjU1MTdiNmUwN2ViMmMxMDlhNDVmMGI0ZWM3MzBjMmIwZTNkMWU4OTQ5ZWExZTAzZGYxNGVmMDEwNGU1MDQ1ZGEzNDdlM2RkN2I0ZTQ4YTRiM2RjZTg3Y2RkZjU5ZDg5Y2ZlYjdhYjc0ZmM0NTAzM2ZlZWRkMDJmNzZhMDdmMTcyMGYxNTdiNzgyNDc0MDRiNjY2ZmJkNTZhNjExNTk1OTM4NWIyMWUyZGE3ZDJjOWM3MTlkZTVmNjdhODE1M2UyOWU0MTM0MmJkNjE2Njg2MmFjNjlhNzg5YTQzYmM1NThiMzUwNTk0MDA4ZWFmYzcwNmYzZjZjYTE3NmFiOGIxZWZiZTkwNDZjZjE0NWE2ODc5MWZjNjMwZTYwZjc0MGYyNmE4N2NkNTQ2YmQ4MWU2ODZkMWYxZDY3MDcwZDhhMDRkZDM1OTliZjg4OTM0ZWRhYjRiNTE3Mjk4OWY3ZGZhN2QwZGEyMjBlYzQzZTU1NjU3NzFiZDJhYWRiYzM0N2IxMmQwOGU5NTIwZmY1MDU2Y2Y4NmJmNGRlZTBjY2FiNGMxMmI5NGU0Y2IwOTJiMTIyZmNmNWFjMzRmMWRiM2ZjODlmMTU4MzUzMzEyNjMxYTVmZjk\" \/>\n <input type=\"hidden\" name=\"rm\" value=\"2\" \/>\n <!-- Configures Basic Checkout Fields -->\n <input type=\"hidden\" name=\"lc\" value=\"\" \/>\n <input type=\"hidden\" name=\"no_shipping\" value=\"1\" \/>\n <input type=\"hidden\" name=\"no_note\" value=\"1\" \/>\n <input type=\"hidden\" name=\"custom\" value=\"ontariopuppetryassociation.com\" \/>\n <input type=\"hidden\" name=\"currency_code\" value=\"CAD\" \/>\n <input type=\"hidden\" name=\"page_style\" value=\"paypal\" \/>\n <input type=\"hidden\" name=\"charset\" value=\"utf-8\" \/>\n <input type=\"hidden\" name=\"item_name\" value=\"OPA Member\" \/>\n <input type=\"hidden\" name=\"item_number\" value=\"1\" \/>\n <!-- Configures s2Member's Unique Invoice ID\/Code  -->\n <input type=\"hidden\" name=\"invoice\" value=\"69fca0c9e80ae~216.73.216.235\" \/>\n <!-- Identifies\/Updates An Existing User\/Member (when\/if applicable)  -->\n <input type=\"hidden\" name=\"on0\" value=\"Originating Domain\" \/>\n <input type=\"hidden\" name=\"os0\" value=\"ontariopuppetryassociation.com\" \/>\n <!-- Identifies The Customer's IP Address For Tracking -->\n <input type=\"hidden\" name=\"on1\" value=\"Customer IP Address\" \/>\n <input type=\"hidden\" name=\"os1\" value=\"216.73.216.235\" \/>\n <!-- Controls Modify Behavior At PayPal Checkout -->\n <input type=\"hidden\" name=\"modify\" value=\"0\" \/>\n <!-- Customizes Prices, Payments & Billing Cycle -->\n <!--<input type=\"hidden\" name=\"amount\" value=\"20.00\" \/>-->\n <input type=\"hidden\" name=\"src\" value=\"1\" \/>\n <input type=\"hidden\" name=\"srt\" value=\"\" \/>\n <input type=\"hidden\" name=\"sra\" value=\"1\" \/>\n <input type=\"hidden\" name=\"a1\" value=\"20.00\" \/>\n <input type=\"hidden\" name=\"p1\" value=\"1\" \/>\n <input type=\"hidden\" name=\"t1\" value=\"Y\" \/>\n <input type=\"hidden\" name=\"a3\" value=\"20.00\" \/>\n <input type=\"hidden\" name=\"p3\" value=\"1\" \/>\n <input type=\"hidden\" name=\"t3\" value=\"Y\" \/>\n <!-- Displays The PayPal Image Button -->\n <input type=\"image\" src=\"https:\/\/www.paypal.com\/en_US\/i\/btn\/btn_xpressCheckout.gif\" style=\"width:auto; height:auto; border:0;\" alt=\"PayPal\" \/>\n<input type=\"hidden\" name=\"trp-form-language\" value=\"fr\"\/><\/form><\/div>\n\t\t\t\t\t\t<\/div>\n\t\t\t\t<\/div>\n\t\t\t\t<div class=\"elementor-element elementor-element-6092a5c elementor-widget elementor-widget-text-editor\" data-id=\"6092a5c\" data-element_type=\"widget\" data-e-type=\"widget\" data-widget_type=\"text-editor.default\">\n\t\t\t\t<div class=\"elementor-widget-container\">\n\t\t\t\t\t\t\t\t\t<p>*Please note that it may take up to 24 hours to receive a registration email from Ontario Pupeptry Association. If you do not receive an email, please check your spam folder then contact ontariopuppetryassocation@gmail.com<\/p>\t\t\t\t\t\t\t\t<\/div>\n\t\t\t\t<\/div>\n\t\t\t\t<div class=\"elementor-element elementor-element-38e8905 elementor-widget elementor-widget-spacer\" data-id=\"38e8905\" data-element_type=\"widget\" data-e-type=\"widget\" data-widget_type=\"spacer.default\">\n\t\t\t\t<div class=\"elementor-widget-container\">\n\t\t\t\t\t\t\t<div class=\"elementor-spacer\">\n\t\t\t<div class=\"elementor-spacer-inner\"><\/div>\n\t\t<\/div>\n\t\t\t\t\t\t<\/div>\n\t\t\t\t<\/div>\n\t\t\t\t<div class=\"elementor-element elementor-element-cf8f071 elementor-widget elementor-widget-heading\" data-id=\"cf8f071\" data-element_type=\"widget\" data-e-type=\"widget\" data-widget_type=\"heading.default\">\n\t\t\t\t<div class=\"elementor-widget-container\">\n\t\t\t\t\t<h2 class=\"elementor-heading-title elementor-size-default\">Cat\u00e9gories de membres <\/h2>\t\t\t\t<\/div>\n\t\t\t\t<\/div>\n\t\t\t\t<div class=\"elementor-element elementor-element-a802b32 elementor-widget elementor-widget-toggle\" data-id=\"a802b32\" data-element_type=\"widget\" data-e-type=\"widget\" data-widget_type=\"toggle.default\">\n\t\t\t\t<div class=\"elementor-widget-container\">\n\t\t\t\t\t\t\t<div class=\"elementor-toggle\">\n\t\t\t\t\t\t\t<div class=\"elementor-toggle-item\">\n\t\t\t\t\t<div id=\"elementor-tab-title-1761\" class=\"elementor-tab-title\" data-tab=\"1\" role=\"button\" aria-controls=\"elementor-tab-content-1761\" aria-expanded=\"false\">\n\t\t\t\t\t\t\t\t\t\t\t\t<span class=\"elementor-toggle-icon elementor-toggle-icon-left\" aria-hidden=\"true\">\n\t\t\t\t\t\t\t\t\t\t\t\t\t\t\t<span class=\"elementor-toggle-icon-closed\"><i class=\"fas fa-caret-right\"><\/i><\/span>\n\t\t\t\t\t\t\t\t<span class=\"elementor-toggle-icon-opened\"><i class=\"elementor-toggle-icon-opened fas fa-caret-up\"><\/i><\/span>\n\t\t\t\t\t\t\t\t\t\t\t\t\t<\/span>\n\t\t\t\t\t\t\t\t\t\t\t\t<a class=\"elementor-toggle-title\" tabindex=\"0\">Organisation professionnelle<\/a>\n\t\t\t\t\t<\/div>\n\n\t\t\t\t\t<div id=\"elementor-tab-content-1761\" class=\"elementor-tab-content elementor-clearfix\" data-tab=\"1\" role=\"region\" aria-labelledby=\"elementor-tab-title-1761\"><p>Toute personne morale, groupe ou association de l\u2019Ontario travaillant professionnellement dans le domaine du th\u00e9\u00e2tre de marionnettes ou accordant de l\u2019importance \u00e0 l\u2019art de la marionnette dans sa profession.<\/p><\/div>\n\t\t\t\t<\/div>\n\t\t\t\t\t\t\t<div class=\"elementor-toggle-item\">\n\t\t\t\t\t<div id=\"elementor-tab-title-1762\" class=\"elementor-tab-title\" data-tab=\"2\" role=\"button\" aria-controls=\"elementor-tab-content-1762\" aria-expanded=\"false\">\n\t\t\t\t\t\t\t\t\t\t\t\t<span class=\"elementor-toggle-icon elementor-toggle-icon-left\" aria-hidden=\"true\">\n\t\t\t\t\t\t\t\t\t\t\t\t\t\t\t<span class=\"elementor-toggle-icon-closed\"><i class=\"fas fa-caret-right\"><\/i><\/span>\n\t\t\t\t\t\t\t\t<span class=\"elementor-toggle-icon-opened\"><i class=\"elementor-toggle-icon-opened fas fa-caret-up\"><\/i><\/span>\n\t\t\t\t\t\t\t\t\t\t\t\t\t<\/span>\n\t\t\t\t\t\t\t\t\t\t\t\t<a class=\"elementor-toggle-title\" tabindex=\"0\">Professionnel individuel<\/a>\n\t\t\t\t\t<\/div>\n\n\t\t\t\t\t<div id=\"elementor-tab-content-1762\" class=\"elementor-tab-content elementor-clearfix\" data-tab=\"2\" role=\"region\" aria-labelledby=\"elementor-tab-title-1762\"><p>Toute personne, artiste et travailleur culturel \u0153uvrant professionnellement dans le domaine du th\u00e9\u00e2tre de marionnettes en Ontario ou accordant de l\u2019importance aux arts de la marionnette dans sa profession.<\/p><\/div>\n\t\t\t\t<\/div>\n\t\t\t\t\t\t\t<div class=\"elementor-toggle-item\">\n\t\t\t\t\t<div id=\"elementor-tab-title-1763\" class=\"elementor-tab-title\" data-tab=\"3\" role=\"button\" aria-controls=\"elementor-tab-content-1763\" aria-expanded=\"false\">\n\t\t\t\t\t\t\t\t\t\t\t\t<span class=\"elementor-toggle-icon elementor-toggle-icon-left\" aria-hidden=\"true\">\n\t\t\t\t\t\t\t\t\t\t\t\t\t\t\t<span class=\"elementor-toggle-icon-closed\"><i class=\"fas fa-caret-right\"><\/i><\/span>\n\t\t\t\t\t\t\t\t<span class=\"elementor-toggle-icon-opened\"><i class=\"elementor-toggle-icon-opened fas fa-caret-up\"><\/i><\/span>\n\t\t\t\t\t\t\t\t\t\t\t\t\t<\/span>\n\t\t\t\t\t\t\t\t\t\t\t\t<a class=\"elementor-toggle-title\" tabindex=\"0\">Ami\u00b7e<\/a>\n\t\t\t\t\t<\/div>\n\n\t\t\t\t\t<div id=\"elementor-tab-content-1763\" class=\"elementor-tab-content elementor-clearfix\" data-tab=\"3\" role=\"region\" aria-labelledby=\"elementor-tab-title-1763\"><p>Toute personne ou tout groupe qui porte un int\u00e9r\u00eat aux objectifs et aux activit\u00e9s de l\u2019OPA.<\/p><\/div>\n\t\t\t\t<\/div>\n\t\t\t\t\t\t\t\t<\/div>\n\t\t\t\t\t\t<\/div>\n\t\t\t\t<\/div>\n\t\t\t\t<div class=\"elementor-element elementor-element-7207199 elementor-widget elementor-widget-spacer\" data-id=\"7207199\" data-element_type=\"widget\" data-e-type=\"widget\" data-widget_type=\"spacer.default\">\n\t\t\t\t<div class=\"elementor-widget-container\">\n\t\t\t\t\t\t\t<div class=\"elementor-spacer\">\n\t\t\t<div class=\"elementor-spacer-inner\"><\/div>\n\t\t<\/div>\n\t\t\t\t\t\t<\/div>\n\t\t\t\t<\/div>\n\t\t\t\t<div class=\"elementor-element elementor-element-34ef632 elementor-hidden-desktop elementor-hidden-tablet elementor-hidden-mobile elementor-widget elementor-widget-heading\" data-id=\"34ef632\" data-element_type=\"widget\" data-e-type=\"widget\" data-widget_type=\"heading.default\">\n\t\t\t\t<div class=\"elementor-widget-container\">\n\t\t\t\t\t<h2 class=\"elementor-heading-title elementor-size-default\">Terms And Information <\/h2>\t\t\t\t<\/div>\n\t\t\t\t<\/div>\n\t\t\t\t<div class=\"elementor-element elementor-element-3ba8a33 elementor-hidden-desktop elementor-hidden-tablet elementor-hidden-mobile elementor-widget elementor-widget-text-editor\" data-id=\"3ba8a33\" data-element_type=\"widget\" data-e-type=\"widget\" data-widget_type=\"text-editor.default\">\n\t\t\t\t<div class=\"elementor-widget-container\">\n\t\t\t\t\t\t\t\t\t<ul><li>Your membership is valid upon receipt of your payment.<\/li><li>The membership period runs from September 1 to November 15, 2021.<\/li><li>If you join or renew your membership after the membership period, between November 16, 2021, and June 30, 2022, your membership will be valid until August 31, 2022.<\/li><li>If you renew or join OPA between July 1 and August 31, 2022, your membership will be valid for the 2022\u20132023 season.<\/li><\/ul>\t\t\t\t\t\t\t\t<\/div>\n\t\t\t\t<\/div>\n\t\t\t\t\t<\/div>\n\t\t<\/div>\n\t\t\t\t\t<\/div>\n\t\t<\/section>\n\t\t\t\t<\/div>","protected":false},"excerpt":{"rendered":"<p>Join Today To be a member of OPA is to be part of a dynamic network of over 40 puppetry professionals, artists, cultural workers, and puppetry enthusiasts! Membership Benefits Create and update your company membership record in the professional members directory on OPA and UNIMA-Canada website.\u00a0 Publish all your activities in the agenda and in [&hellip;]<\/p>","protected":false},"author":1,"featured_media":0,"parent":0,"menu_order":0,"comment_status":"closed","ping_status":"closed","template":"elementor_header_footer","meta":{"_monsterinsights_skip_tracking":false,"_monsterinsights_sitenote_active":false,"_monsterinsights_sitenote_note":"","_monsterinsights_sitenote_category":0,"footnotes":""},"class_list":["post-721","page","type-page","status-publish","hentry"],"acf":[],"_links":{"self":[{"href":"https:\/\/ontariopuppetryassociation.com\/fr\/wp-json\/wp\/v2\/pages\/721"}],"collection":[{"href":"https:\/\/ontariopuppetryassociation.com\/fr\/wp-json\/wp\/v2\/pages"}],"about":[{"href":"https:\/\/ontariopuppetryassociation.com\/fr\/wp-json\/wp\/v2\/types\/page"}],"author":[{"embeddable":true,"href":"https:\/\/ontariopuppetryassociation.com\/fr\/wp-json\/wp\/v2\/users\/1"}],"replies":[{"embeddable":true,"href":"https:\/\/ontariopuppetryassociation.com\/fr\/wp-json\/wp\/v2\/comments?post=721"}],"version-history":[{"count":130,"href":"https:\/\/ontariopuppetryassociation.com\/fr\/wp-json\/wp\/v2\/pages\/721\/revisions"}],"predecessor-version":[{"id":5866,"href":"https:\/\/ontariopuppetryassociation.com\/fr\/wp-json\/wp\/v2\/pages\/721\/revisions\/5866"}],"wp:attachment":[{"href":"https:\/\/ontariopuppetryassociation.com\/fr\/wp-json\/wp\/v2\/media?parent=721"}],"curies":[{"name":"wp","href":"https:\/\/api.w.org\/{rel}","templated":true}]}}